{"id":4373,"date":"2020-11-21T13:50:53","date_gmt":"2020-11-21T12:50:53","guid":{"rendered":"http:\/\/slub-humanistyczny.pl\/?page_id=4373"},"modified":"2021-08-21T08:06:12","modified_gmt":"2021-08-21T06:06:12","slug":"filmy","status":"publish","type":"page","link":"https:\/\/slub-humanistyczny.pl\/en\/filmy\/","title":{"rendered":"Videos"},"content":{"rendered":"<div data-elementor-type=\"wp-page\" data-elementor-id=\"4373\" class=\"elementor elementor-4373\" data-elementor-post-type=\"page\">\n\t\t\t\t\t\t<section class=\"elementor-section elementor-top-section elementor-element elementor-element-16ce440 elementor-section-boxed elementor-section-height-default elementor-section-height-default\" data-id=\"16ce440\" data-element_type=\"section\" data-settings=\"{&quot;background_background&quot;:&quot;gradient&quot;,&quot;shape_divider_bottom&quot;:&quot;waves&quot;}\">\n\t\t\t\t\t\t\t<div class=\"elementor-background-overlay\"><\/div>\n\t\t\t\t\t\t<div class=\"elementor-shape elementor-shape-bottom\" data-negative=\"false\">\n\t\t\t<svg xmlns=\"http:\/\/www.w3.org\/2000\/svg\" viewbox=\"0 0 1000 100\" preserveaspectratio=\"none\">\n\t<path class=\"elementor-shape-fill\" d=\"M421.9,6.5c22.6-2.5,51.5,0.4,75.5,5.3c23.6,4.9,70.9,23.5,100.5,35.7c75.8,32.2,133.7,44.5,192.6,49.7\tc23.6,2.1,48.7,3.5,103.4-2.5c54.7-6,106.2-25.6,106.2-25.6V0H0v30.3c0,0,72,32.6,158.4,30.5c39.2-0.7,92.8-6.7,134-22.4\tc21.2-8.1,52.2-18.2,79.7-24.2C399.3,7.9,411.6,7.5,421.9,6.5z\"\/>\n<\/svg>\t\t<\/div>\n\t\t\t\t\t<div class=\"elementor-container elementor-column-gap-default\">\n\t\t\t\t\t<div class=\"elementor-column elementor-col-100 elementor-top-column elementor-element elementor-element-d2cd073\" data-id=\"d2cd073\" data-element_type=\"column\">\n\t\t\t<div class=\"elementor-widget-wrap elementor-element-populated\">\n\t\t\t\t\t\t<div class=\"elementor-element elementor-element-ca6a1c1 elementor-widget elementor-widget-shortcode\" data-id=\"ca6a1c1\" data-element_type=\"widget\" data-widget_type=\"shortcode.default\">\n\t\t\t\t\t\t\t<div class=\"elementor-shortcode\"><nav aria-label=\"breadcrumbs\" class=\"rank-math-breadcrumb\"><p><span class=\"last\">Home page<\/span><\/p><\/nav><\/div>\n\t\t\t\t\t\t<\/div>\n\t\t\t\t<div class=\"elementor-element elementor-element-0932882 elementor-widget elementor-widget-heading\" data-id=\"0932882\" data-element_type=\"widget\" data-widget_type=\"heading.default\">\n\t\t\t\t\t<h1 class=\"elementor-heading-title elementor-size-default\">Videos<\/h1>\t\t\t\t<\/div>\n\t\t\t\t<div class=\"elementor-element elementor-element-8ac7629 elementor-widget elementor-widget-heading\" data-id=\"8ac7629\" data-element_type=\"widget\" data-widget_type=\"heading.default\">\n\t\t\t\t\t<p class=\"elementor-heading-title elementor-size-default\">See what our humanist weddings look like<\/p>\t\t\t\t<\/div>\n\t\t\t\t\t<\/div>\n\t\t<\/div>\n\t\t\t\t\t<\/div>\n\t\t<\/section>\n\t\t\t\t<section class=\"elementor-section elementor-top-section elementor-element elementor-element-72e99fb elementor-section-boxed elementor-section-height-default elementor-section-height-default\" data-id=\"72e99fb\" data-element_type=\"section\">\n\t\t\t\t\t\t<div class=\"elementor-container elementor-column-gap-default\">\n\t\t\t\t\t<div class=\"elementor-column elementor-col-100 elementor-top-column elementor-element elementor-element-89da05b\" data-id=\"89da05b\" data-element_type=\"column\">\n\t\t\t<div class=\"elementor-widget-wrap elementor-element-populated\">\n\t\t\t\t\t\t<div class=\"elementor-element elementor-element-5fbe134 rota elementor-widget__width-auto elementor-align-center elementor-widget elementor-widget-lottie\" data-id=\"5fbe134\" data-element_type=\"widget\" data-settings=\"{&quot;source_json&quot;:{&quot;url&quot;:&quot;https:\\\/\\\/slub-humanistyczny.pl\\\/wp-content\\\/uploads\\\/2020\\\/11\\\/liscie-na-galazce.json&quot;,&quot;id&quot;:1829,&quot;size&quot;:&quot;&quot;},&quot;end_point&quot;:{&quot;unit&quot;:&quot;%&quot;,&quot;size&quot;:30,&quot;sizes&quot;:[]},&quot;viewport&quot;:{&quot;unit&quot;:&quot;%&quot;,&quot;size&quot;:&quot;&quot;,&quot;sizes&quot;:{&quot;start&quot;:25,&quot;end&quot;:100}},&quot;play_speed&quot;:{&quot;unit&quot;:&quot;px&quot;,&quot;size&quot;:0.4,&quot;sizes&quot;:[]},&quot;source&quot;:&quot;media_file&quot;,&quot;caption_source&quot;:&quot;none&quot;,&quot;link_to&quot;:&quot;none&quot;,&quot;trigger&quot;:&quot;arriving_to_viewport&quot;,&quot;start_point&quot;:{&quot;unit&quot;:&quot;%&quot;,&quot;size&quot;:0,&quot;sizes&quot;:[]},&quot;renderer&quot;:&quot;svg&quot;}\" data-widget_type=\"lottie.default\">\n\t\t\t\t\t<div class=\"e-lottie__container\"><div class=\"e-lottie__animation\"><\/div><\/div>\t\t\t\t<\/div>\n\t\t\t\t<div class=\"elementor-element elementor-element-34951bc elementor-widget elementor-widget-heading\" data-id=\"34951bc\" data-element_type=\"widget\" data-widget_type=\"heading.default\">\n\t\t\t\t\t<h2 class=\"elementor-heading-title elementor-size-default\">humanist weddings on film<\/h2>\t\t\t\t<\/div>\n\t\t\t\t<div class=\"elementor-element elementor-element-a574c99 elementor-widget elementor-widget-heading\" data-id=\"a574c99\" data-element_type=\"widget\" data-widget_type=\"heading.default\">\n\t\t\t\t\t<p class=\"elementor-heading-title elementor-size-default\"> Our ceremonies through lenses of various filmmakers<\/p>\t\t\t\t<\/div>\n\t\t\t\t<div class=\"elementor-element elementor-element-1fb7711 elementor-widget elementor-widget-text-editor\" data-id=\"1fb7711\" data-element_type=\"widget\" data-widget_type=\"text-editor.default\">\n\t\t\t\t\t\t\t\t\t<p>You often ask us about films from our ceremonies. That's why we've gathered some of our favorite clips to share with you. Here you will see weddings conducted by various celebrants - in beautiful, outdoor locations. This is what your special ceremony can look like. Enjoy!<\/p><p><\/p>\t\t\t\t\t\t\t\t<\/div>\n\t\t\t\t<section class=\"elementor-section elementor-inner-section elementor-element elementor-element-825f8fd elementor-section-boxed elementor-section-height-default elementor-section-height-default\" data-id=\"825f8fd\" data-element_type=\"section\">\n\t\t\t\t\t\t<div class=\"elementor-container elementor-column-gap-default\">\n\t\t\t\t\t<div class=\"elementor-column elementor-col-100 elementor-inner-column elementor-element elementor-element-d6e16f1\" data-id=\"d6e16f1\" data-element_type=\"column\" data-settings=\"{&quot;background_background&quot;:&quot;classic&quot;}\">\n\t\t\t<div class=\"elementor-widget-wrap elementor-element-populated\">\n\t\t\t\t\t<div class=\"elementor-background-overlay\"><\/div>\n\t\t\t\t\t\t<div class=\"elementor-element elementor-element-25d5065 elementor-widget elementor-widget-text-editor\" data-id=\"25d5065\" data-element_type=\"widget\" data-widget_type=\"text-editor.default\">\n\t\t\t\t\t\t\t\t\t<h3>Humanist wedding of Cathryn and Marek conducted by Szymon<\/h3><p>The film was made by Ma\u0142e Bia\u0142e. This is one of our favorite ceremonies. It took place in the manor in Tomaszowice. This wonderful Polish-English wedding was conducted by Szymon.<\/p><p><iframe title=\"\u015alub humanistyczny Cathryn i Marka | \u015alub Humanistyczny Joanna Humerczyk\" width=\"800\" height=\"450\" src=\"https:\/\/www.youtube.com\/embed\/pikAz6bDajA?feature=oembed\" frameborder=\"0\" allow=\"accelerometer; autoplay; clipboard-write; encrypted-media; gyroscope; picture-in-picture\" allowfullscreen><\/iframe><\/p><h3>Humanist wedding of Agata and Maikel conducted by Joasia<\/h3><p>Video by STB Film. A wedding conducted by Joanna in Polish and English, in full sun. The daughter of the Bride and Groom was present during the ceremony.<\/p><p><iframe title=\"\u015alub humanistyczny Agaty i Maikela | \u015alub Humanistyczny Joanna Humerczyk\" width=\"800\" height=\"450\" src=\"https:\/\/www.youtube.com\/embed\/lnkoNpL8TdU?feature=oembed\" frameborder=\"0\" allow=\"accelerometer; autoplay; clipboard-write; encrypted-media; gyroscope; picture-in-picture\" allowfullscreen><\/iframe><\/p><h3>Humanist ceremony of Anna and Gerd conducted by Natalia<\/h3><p>The film was made by pietrzynscy.pl. See what this touching Polish-German ceremony looked like.<\/p><p><iframe title=\"\u015alub humanistyczny Anny i Gerda | \u015alub Humanistyczny Joanna Humerczyk\" width=\"800\" height=\"450\" src=\"https:\/\/www.youtube.com\/embed\/51ONx3qSvDs?feature=oembed\" frameborder=\"0\" allow=\"accelerometer; autoplay; clipboard-write; encrypted-media; gyroscope; picture-in-picture\" allowfullscreen><\/iframe><\/p><h3>Polish-Scottish wedding of Ania and Cath<\/h3><p>The sunny open air of Osada M\u0142y\u0144ska, charming seats for Guests made of hay bundles and a bilingual humanist ceremony of two kindred spirits! Cath's Polish language certainly deserves recognition ????<\/p><p>See what the wedding looked like on the clip made by Bycze Filmy.<\/p><p><iframe title=\"\u015alub humanistyczny Ani i Cath | \u015alub Humanistyczny Joanna Humerczyk\" width=\"800\" height=\"450\" src=\"https:\/\/www.youtube.com\/embed\/Snm8JzOL9dk?feature=oembed\" frameborder=\"0\" allow=\"accelerometer; autoplay; clipboard-write; encrypted-media; gyroscope; picture-in-picture\" allowfullscreen><\/iframe><\/p>\t\t\t\t\t\t\t\t<\/div>\n\t\t\t\t\t<\/div>\n\t\t<\/div>\n\t\t\t\t\t<\/div>\n\t\t<\/section>\n\t\t\t\t\t<\/div>\n\t\t<\/div>\n\t\t\t\t\t<\/div>\n\t\t<\/section>\n\t\t\t\t<\/div>","protected":false},"excerpt":{"rendered":"<p>Filmy Zobaczcie, jak wygl\u0105daj\u0105 prowadzone przez nas \u015bluby humanistyczne Filmy ze \u015blub\u00f3w humanistycznych Nasze ceremonie w obiektywach r\u00f3\u017cnych filmowc\u00f3w Cz\u0119sto pytacie nas o filmy z naszych ceremonii. Dlatego zebrali\u015bmy tutaj kilka ulubionych klip\u00f3w. To \u015bluby prowadzone przez r\u00f3\u017cnych celebrant\u00f3w &#8211; w przepi\u0119knych, plenerowych lokalizacjach. Tak mo\u017ce wygl\u0105da\u0107 Wasza wyj\u0105tkowa ceremonia. Zapraszamy do ogl\u0105dania! \u015alub humanistyczny [&hellip;]<\/p>","protected":false},"author":3,"featured_media":5335,"parent":0,"menu_order":0,"comment_status":"closed","ping_status":"closed","template":"","meta":{"footnotes":"","_links_to":"","_links_to_target":""},"class_list":["post-4373","page","type-page","status-publish","has-post-thumbnail","hentry"],"_links":{"self":[{"href":"https:\/\/slub-humanistyczny.pl\/en\/wp-json\/wp\/v2\/pages\/4373","targetHints":{"allow":["GET"]}}],"collection":[{"href":"https:\/\/slub-humanistyczny.pl\/en\/wp-json\/wp\/v2\/pages"}],"about":[{"href":"https:\/\/slub-humanistyczny.pl\/en\/wp-json\/wp\/v2\/types\/page"}],"author":[{"embeddable":true,"href":"https:\/\/slub-humanistyczny.pl\/en\/wp-json\/wp\/v2\/users\/3"}],"replies":[{"embeddable":true,"href":"https:\/\/slub-humanistyczny.pl\/en\/wp-json\/wp\/v2\/comments?post=4373"}],"version-history":[{"count":0,"href":"https:\/\/slub-humanistyczny.pl\/en\/wp-json\/wp\/v2\/pages\/4373\/revisions"}],"wp:featuredmedia":[{"embeddable":true,"href":"https:\/\/slub-humanistyczny.pl\/en\/wp-json\/wp\/v2\/media\/5335"}],"wp:attachment":[{"href":"https:\/\/slub-humanistyczny.pl\/en\/wp-json\/wp\/v2\/media?parent=4373"}],"curies":[{"name":"wp","href":"https:\/\/api.w.org\/{rel}","templated":true}]}}