{"id":51,"date":"2015-08-13T10:02:52","date_gmt":"2015-08-13T08:02:52","guid":{"rendered":"http:\/\/slub-humanistyczny.pl\/?page_id=51"},"modified":"2025-03-28T14:09:10","modified_gmt":"2025-03-28T13:09:10","slug":"opinie","status":"publish","type":"page","link":"https:\/\/slub-humanistyczny.pl\/en\/opinie\/","title":{"rendered":"Reviews"},"content":{"rendered":"<div data-elementor-type=\"wp-page\" data-elementor-id=\"51\" class=\"elementor elementor-51\" data-elementor-post-type=\"page\">\n\t\t\t\t\t\t<section class=\"elementor-section elementor-top-section elementor-element elementor-element-d44a828 elementor-section-boxed elementor-section-height-default elementor-section-height-default\" data-id=\"d44a828\" data-element_type=\"section\" data-settings=\"{&quot;background_background&quot;:&quot;gradient&quot;,&quot;shape_divider_bottom&quot;:&quot;waves&quot;}\">\n\t\t\t\t\t\t\t<div class=\"elementor-background-overlay\"><\/div>\n\t\t\t\t\t\t<div class=\"elementor-shape elementor-shape-bottom\" data-negative=\"false\">\n\t\t\t<svg xmlns=\"http:\/\/www.w3.org\/2000\/svg\" viewbox=\"0 0 1000 100\" preserveaspectratio=\"none\">\n\t<path class=\"elementor-shape-fill\" d=\"M421.9,6.5c22.6-2.5,51.5,0.4,75.5,5.3c23.6,4.9,70.9,23.5,100.5,35.7c75.8,32.2,133.7,44.5,192.6,49.7\tc23.6,2.1,48.7,3.5,103.4-2.5c54.7-6,106.2-25.6,106.2-25.6V0H0v30.3c0,0,72,32.6,158.4,30.5c39.2-0.7,92.8-6.7,134-22.4\tc21.2-8.1,52.2-18.2,79.7-24.2C399.3,7.9,411.6,7.5,421.9,6.5z\"\/>\n<\/svg>\t\t<\/div>\n\t\t\t\t\t<div class=\"elementor-container elementor-column-gap-default\">\n\t\t\t\t\t<div class=\"elementor-column elementor-col-100 elementor-top-column elementor-element elementor-element-e3c6c69\" data-id=\"e3c6c69\" data-element_type=\"column\">\n\t\t\t<div class=\"elementor-widget-wrap elementor-element-populated\">\n\t\t\t\t\t\t<div class=\"elementor-element elementor-element-c8b803f elementor-widget elementor-widget-shortcode\" data-id=\"c8b803f\" data-element_type=\"widget\" data-widget_type=\"shortcode.default\">\n\t\t\t\t\t\t\t<div class=\"elementor-shortcode\"><nav aria-label=\"breadcrumbs\" class=\"rank-math-breadcrumb\"><p><span class=\"last\">Home page<\/span><\/p><\/nav><\/div>\n\t\t\t\t\t\t<\/div>\n\t\t\t\t<div class=\"elementor-element elementor-element-6c8c348 elementor-widget elementor-widget-heading\" data-id=\"6c8c348\" data-element_type=\"widget\" data-widget_type=\"heading.default\">\n\t\t\t\t\t<h1 class=\"elementor-heading-title elementor-size-default\">Reviews<\/h1>\t\t\t\t<\/div>\n\t\t\t\t<div class=\"elementor-element elementor-element-7a48c7b elementor-widget elementor-widget-heading\" data-id=\"7a48c7b\" data-element_type=\"widget\" data-widget_type=\"heading.default\">\n\t\t\t\t\t<p class=\"elementor-heading-title elementor-size-default\">Find out what Couples who decided to have a humanist wedding think about us<\/p>\t\t\t\t<\/div>\n\t\t\t\t\t<\/div>\n\t\t<\/div>\n\t\t\t\t\t<\/div>\n\t\t<\/section>\n\t\t\t\t<section class=\"elementor-section elementor-top-section elementor-element elementor-element-7df2db1 elementor-section-boxed elementor-section-height-default elementor-section-height-default\" data-id=\"7df2db1\" data-element_type=\"section\">\n\t\t\t\t\t\t<div class=\"elementor-container elementor-column-gap-default\">\n\t\t\t\t\t<div class=\"elementor-column elementor-col-100 elementor-top-column elementor-element elementor-element-7e3ca86\" data-id=\"7e3ca86\" data-element_type=\"column\">\n\t\t\t<div class=\"elementor-widget-wrap elementor-element-populated\">\n\t\t\t\t\t\t<section class=\"elementor-section elementor-inner-section elementor-element elementor-element-7d53bda elementor-section-boxed elementor-section-height-default elementor-section-height-default\" data-id=\"7d53bda\" data-element_type=\"section\" data-settings=\"{&quot;background_background&quot;:&quot;classic&quot;}\">\n\t\t\t\t\t\t\t<div class=\"elementor-background-overlay\"><\/div>\n\t\t\t\t\t\t\t<div class=\"elementor-container elementor-column-gap-no\">\n\t\t\t\t\t<div class=\"elementor-column elementor-col-50 elementor-inner-column elementor-element elementor-element-0b8b066\" data-id=\"0b8b066\" data-element_type=\"column\" data-settings=\"{&quot;background_background&quot;:&quot;classic&quot;}\">\n\t\t\t<div class=\"elementor-widget-wrap elementor-element-populated\">\n\t\t\t\t\t\t<div class=\"elementor-element elementor-element-70a03a0 elementor-widget-divider--view-line elementor-widget elementor-widget-divider\" data-id=\"70a03a0\" data-element_type=\"widget\" data-widget_type=\"divider.default\">\n\t\t\t\t\t\t\t<div class=\"elementor-divider\">\n\t\t\t<span class=\"elementor-divider-separator\">\n\t\t\t\t\t\t<\/span>\n\t\t<\/div>\n\t\t\t\t\t\t<\/div>\n\t\t\t\t\t<\/div>\n\t\t<\/div>\n\t\t\t\t<div class=\"elementor-column elementor-col-50 elementor-inner-column elementor-element elementor-element-94b471d\" data-id=\"94b471d\" data-element_type=\"column\">\n\t\t\t<div class=\"elementor-widget-wrap elementor-element-populated\">\n\t\t\t\t\t\t<div class=\"elementor-element elementor-element-d541026 elementor-widget elementor-widget-heading\" data-id=\"d541026\" data-element_type=\"widget\" data-widget_type=\"heading.default\">\n\t\t\t\t\t<h3 class=\"elementor-heading-title elementor-size-default\">Monika &amp; Leo<\/h3>\t\t\t\t<\/div>\n\t\t\t\t<div class=\"elementor-element elementor-element-4151e40 elementor-widget elementor-widget-heading\" data-id=\"4151e40\" data-element_type=\"widget\" data-widget_type=\"heading.default\">\n\t\t\t\t\t<span class=\"elementor-heading-title elementor-size-default\">8\/08\/2020<\/span>\t\t\t\t<\/div>\n\t\t\t\t<div class=\"elementor-element elementor-element-e36702e elementor-widget elementor-widget-text-editor\" data-id=\"e36702e\" data-element_type=\"widget\" data-widget_type=\"text-editor.default\">\n\t\t\t\t\t\t\t\t\t<p>Our humanist ceremony was conducted by Dominika, at G\u00f3ra Gradowa in Gda\u0144sk, and it was beautiful.<\/p><p>The guests were deeply moved, some even cried, and so did we. It was a truly beautiful and unique ceremony. And since love is female, the fact that Dominika could conduct it was wonderful for us. We wouldn't change anything, except maybe one thing - we would like to experience it again. Thank you very much!<\/p><p><\/p>\t\t\t\t\t\t\t\t<\/div>\n\t\t\t\t\t<\/div>\n\t\t<\/div>\n\t\t\t\t\t<\/div>\n\t\t<\/section>\n\t\t\t\t<section class=\"elementor-section elementor-inner-section elementor-element elementor-element-378bbe5 elementor-section-boxed elementor-section-height-default elementor-section-height-default\" data-id=\"378bbe5\" data-element_type=\"section\" data-settings=\"{&quot;background_background&quot;:&quot;classic&quot;}\">\n\t\t\t\t\t\t\t<div class=\"elementor-background-overlay\"><\/div>\n\t\t\t\t\t\t\t<div class=\"elementor-container elementor-column-gap-no\">\n\t\t\t\t\t<div class=\"elementor-column elementor-col-50 elementor-inner-column elementor-element elementor-element-06fc0e7\" data-id=\"06fc0e7\" data-element_type=\"column\" data-settings=\"{&quot;background_background&quot;:&quot;classic&quot;}\">\n\t\t\t<div class=\"elementor-widget-wrap elementor-element-populated\">\n\t\t\t\t\t<div class=\"elementor-background-overlay\"><\/div>\n\t\t\t\t\t\t<div class=\"elementor-element elementor-element-fabe559 elementor-widget-divider--view-line elementor-widget elementor-widget-divider\" data-id=\"fabe559\" data-element_type=\"widget\" data-widget_type=\"divider.default\">\n\t\t\t\t\t\t\t<div class=\"elementor-divider\">\n\t\t\t<span class=\"elementor-divider-separator\">\n\t\t\t\t\t\t<\/span>\n\t\t<\/div>\n\t\t\t\t\t\t<\/div>\n\t\t\t\t\t<\/div>\n\t\t<\/div>\n\t\t\t\t<div class=\"elementor-column elementor-col-50 elementor-inner-column elementor-element elementor-element-48777f6\" data-id=\"48777f6\" data-element_type=\"column\">\n\t\t\t<div class=\"elementor-widget-wrap elementor-element-populated\">\n\t\t\t\t\t\t<div class=\"elementor-element elementor-element-652bd9a elementor-widget elementor-widget-heading\" data-id=\"652bd9a\" data-element_type=\"widget\" data-widget_type=\"heading.default\">\n\t\t\t\t\t<h3 class=\"elementor-heading-title elementor-size-default\">Marysia &amp; Krzysiek<\/h3>\t\t\t\t<\/div>\n\t\t\t\t<div class=\"elementor-element elementor-element-0ac8c1f elementor-widget elementor-widget-heading\" data-id=\"0ac8c1f\" data-element_type=\"widget\" data-widget_type=\"heading.default\">\n\t\t\t\t\t<span class=\"elementor-heading-title elementor-size-default\">15\/06\/2019<\/span>\t\t\t\t<\/div>\n\t\t\t\t<div class=\"elementor-element elementor-element-c5a827d elementor-widget elementor-widget-text-editor\" data-id=\"c5a827d\" data-element_type=\"widget\" data-widget_type=\"text-editor.default\">\n\t\t\t\t\t\t\t\t\t<p>No words can describe these emotions. The ceremony was a beautiful and touching event, full of excitement, smile and, above all, love. It definitely exceeded our expectations! Joanna made sure that we will never forget that day and its memory will be a wonderful part of our lives forever. We are grateful for your support, encouragement and professionalism and all of it with a pleasant, even family-like atmosphere. It was a fantastically personalized wedding - 200% perfect! Thank you!<\/p>\t\t\t\t\t\t\t\t<\/div>\n\t\t\t\t\t<\/div>\n\t\t<\/div>\n\t\t\t\t\t<\/div>\n\t\t<\/section>\n\t\t\t\t<section class=\"elementor-section elementor-inner-section elementor-element elementor-element-3d7df89 elementor-section-boxed elementor-section-height-default elementor-section-height-default\" data-id=\"3d7df89\" data-element_type=\"section\" data-settings=\"{&quot;background_background&quot;:&quot;classic&quot;}\">\n\t\t\t\t\t\t\t<div class=\"elementor-background-overlay\"><\/div>\n\t\t\t\t\t\t\t<div class=\"elementor-container elementor-column-gap-no\">\n\t\t\t\t\t<div class=\"elementor-column elementor-col-50 elementor-inner-column elementor-element elementor-element-c1e18e6\" data-id=\"c1e18e6\" data-element_type=\"column\" data-settings=\"{&quot;background_background&quot;:&quot;classic&quot;}\">\n\t\t\t<div class=\"elementor-widget-wrap elementor-element-populated\">\n\t\t\t\t\t\t<div class=\"elementor-element elementor-element-9696eed elementor-widget-divider--view-line elementor-widget elementor-widget-divider\" data-id=\"9696eed\" data-element_type=\"widget\" data-widget_type=\"divider.default\">\n\t\t\t\t\t\t\t<div class=\"elementor-divider\">\n\t\t\t<span class=\"elementor-divider-separator\">\n\t\t\t\t\t\t<\/span>\n\t\t<\/div>\n\t\t\t\t\t\t<\/div>\n\t\t\t\t\t<\/div>\n\t\t<\/div>\n\t\t\t\t<div class=\"elementor-column elementor-col-50 elementor-inner-column elementor-element elementor-element-6213146\" data-id=\"6213146\" data-element_type=\"column\">\n\t\t\t<div class=\"elementor-widget-wrap elementor-element-populated\">\n\t\t\t\t\t\t<div class=\"elementor-element elementor-element-dab2a25 elementor-widget elementor-widget-heading\" data-id=\"dab2a25\" data-element_type=\"widget\" data-widget_type=\"heading.default\">\n\t\t\t\t\t<h3 class=\"elementor-heading-title elementor-size-default\">Kasia &amp; Oliwer<\/h3>\t\t\t\t<\/div>\n\t\t\t\t<div class=\"elementor-element elementor-element-547e97d elementor-widget elementor-widget-heading\" data-id=\"547e97d\" data-element_type=\"widget\" data-widget_type=\"heading.default\">\n\t\t\t\t\t<span class=\"elementor-heading-title elementor-size-default\">31\/05\/2018<\/span>\t\t\t\t<\/div>\n\t\t\t\t<div class=\"elementor-element elementor-element-ce3b828 elementor-widget elementor-widget-text-editor\" data-id=\"ce3b828\" data-element_type=\"widget\" data-widget_type=\"text-editor.default\">\n\t\t\t\t\t\t\t\t\t<p>From our wedding day there is one moment most mentioned by our guests - it's the wedding ceremony, which was conducted by Szymon. He traveled a long way to get to us, all the way through half of Poland. He was well prepared, he implemented all our arrangements with 100% accuracy. He also introduced a peaceful atmosphere, thanks to which we practically did not stress at all so everything turned out beautifully and very natural. We wholeheartedly recommend a humanist ceremony.<\/p>\t\t\t\t\t\t\t\t<\/div>\n\t\t\t\t\t<\/div>\n\t\t<\/div>\n\t\t\t\t\t<\/div>\n\t\t<\/section>\n\t\t\t\t<div class=\"elementor-element elementor-element-3c0a607 elementor-posts--align-right fotowprawo elementor-grid-3 elementor-grid-tablet-2 elementor-grid-mobile-1 elementor-posts--thumbnail-top elementor-widget elementor-widget-posts\" data-id=\"3c0a607\" data-element_type=\"widget\" id=\"recenzje\" data-settings=\"{&quot;classic_masonry&quot;:&quot;yes&quot;,&quot;classic_row_gap&quot;:{&quot;unit&quot;:&quot;px&quot;,&quot;size&quot;:20,&quot;sizes&quot;:[]},&quot;classic_columns&quot;:&quot;3&quot;,&quot;classic_columns_tablet&quot;:&quot;2&quot;,&quot;classic_columns_mobile&quot;:&quot;1&quot;,&quot;classic_row_gap_tablet&quot;:{&quot;unit&quot;:&quot;px&quot;,&quot;size&quot;:&quot;&quot;,&quot;sizes&quot;:[]},&quot;classic_row_gap_mobile&quot;:{&quot;unit&quot;:&quot;px&quot;,&quot;size&quot;:&quot;&quot;,&quot;sizes&quot;:[]}}\" data-widget_type=\"posts.classic\">\n\t\t\t\t<div class=\"elementor-widget-container\">\n\t\t\t\t\t<style>.elementor-element-3c0a607{display:none !important}<\/style>\t\t\t\t<\/div>\n\t\t\t\t<\/div>\n\t\t\t\t<div class=\"elementor-element elementor-element-964402b elementor-posts--align-right fotowprawo elementor-grid-3 elementor-grid-tablet-2 elementor-grid-mobile-1 elementor-posts--thumbnail-top elementor-widget elementor-widget-posts\" data-id=\"964402b\" data-element_type=\"widget\" data-settings=\"{&quot;classic_masonry&quot;:&quot;yes&quot;,&quot;classic_row_gap&quot;:{&quot;unit&quot;:&quot;px&quot;,&quot;size&quot;:20,&quot;sizes&quot;:[]},&quot;classic_columns&quot;:&quot;3&quot;,&quot;classic_columns_tablet&quot;:&quot;2&quot;,&quot;classic_columns_mobile&quot;:&quot;1&quot;,&quot;classic_row_gap_tablet&quot;:{&quot;unit&quot;:&quot;px&quot;,&quot;size&quot;:&quot;&quot;,&quot;sizes&quot;:[]},&quot;classic_row_gap_mobile&quot;:{&quot;unit&quot;:&quot;px&quot;,&quot;size&quot;:&quot;&quot;,&quot;sizes&quot;:[]}}\" data-widget_type=\"posts.classic\">\n\t\t\t\t<div class=\"elementor-widget-container\">\n\t\t\t\t\t\t\t<div class=\"elementor-posts-container elementor-posts elementor-posts--skin-classic elementor-grid\">\n\t\t\t\t<article class=\"elementor-post elementor-grid-item post-4620 opinia type-opinia status-publish has-post-thumbnail hentry tag-eng\">\n\t\t\t\t<a class=\"elementor-post__thumbnail__link\" href=\"#recenzje\" tabindex=\"-1\" >\n\t\t\t<div class=\"elementor-post__thumbnail\"><img fetchpriority=\"high\" decoding=\"async\" width=\"300\" height=\"300\" src=\"https:\/\/slub-humanistyczny.pl\/wp-content\/uploads\/2019\/09\/15.-Monika-i-Markus-300x300.jpg\" class=\"attachment-medium size-medium wp-image-3695\" alt=\"|\" title=\"\" srcset=\"https:\/\/slub-humanistyczny.pl\/wp-content\/uploads\/2019\/09\/15.-Monika-i-Markus-300x300.jpg 300w, https:\/\/slub-humanistyczny.pl\/wp-content\/uploads\/2019\/09\/15.-Monika-i-Markus-150x150.jpg 150w, https:\/\/slub-humanistyczny.pl\/wp-content\/uploads\/2019\/09\/15.-Monika-i-Markus-12x12.jpg 12w, https:\/\/slub-humanistyczny.pl\/wp-content\/uploads\/2019\/09\/15.-Monika-i-Markus.jpg 500w\" sizes=\"(max-width: 300px) 100vw, 300px\" \/><\/div>\n\t\t<\/a>\n\t\t\t\t<div class=\"elementor-post__text\">\n\t\t\t\t<h3 class=\"elementor-post__title\">\n\t\t\t<a href=\"#recenzje\" >\n\t\t\t\tMonika &#038; Markus\t\t\t<\/a>\n\t\t<\/h3>\n\t\t\t\t<div class=\"elementor-post__meta-data\">\n\t\t\t\t\t<span class=\"elementor-post-date\">\n\t\t\t19\/05\/2017\t\t<\/span>\n\t\t\t\t<\/div>\n\t\t\t\t<div class=\"elementor-post__excerpt\">\n\t\t\t<p>Thanks to Natalia our wedding day had a very personal and truly magical atmosphere. We are very grateful for all the work you put into our ceremony, you made it feel like a fairy tale... We can safely say that our wedding was perfect and exceeded our expectations.<\/p>\n\t\t<\/div>\n\t\t\t\t<\/div>\n\t\t\t\t<\/article>\n\t\t\t\t<article class=\"elementor-post elementor-grid-item post-4627 opinia type-opinia status-publish has-post-thumbnail hentry tag-eng\">\n\t\t\t\t<a class=\"elementor-post__thumbnail__link\" href=\"#recenzje\" tabindex=\"-1\" >\n\t\t\t<div class=\"elementor-post__thumbnail\"><img decoding=\"async\" width=\"300\" height=\"300\" src=\"https:\/\/slub-humanistyczny.pl\/wp-content\/uploads\/2019\/09\/22.-Martyna-i-Lukasz-BRAK-OPINII-300x300.jpg\" class=\"attachment-medium size-medium wp-image-3702\" alt=\"|\" title=\"\" srcset=\"https:\/\/slub-humanistyczny.pl\/wp-content\/uploads\/2019\/09\/22.-Martyna-i-Lukasz-BRAK-OPINII-300x300.jpg 300w, https:\/\/slub-humanistyczny.pl\/wp-content\/uploads\/2019\/09\/22.-Martyna-i-Lukasz-BRAK-OPINII-150x150.jpg 150w, https:\/\/slub-humanistyczny.pl\/wp-content\/uploads\/2019\/09\/22.-Martyna-i-Lukasz-BRAK-OPINII-12x12.jpg 12w, https:\/\/slub-humanistyczny.pl\/wp-content\/uploads\/2019\/09\/22.-Martyna-i-Lukasz-BRAK-OPINII.jpg 500w\" sizes=\"(max-width: 300px) 100vw, 300px\" \/><\/div>\n\t\t<\/a>\n\t\t\t\t<div class=\"elementor-post__text\">\n\t\t\t\t<h3 class=\"elementor-post__title\">\n\t\t\t<a href=\"#recenzje\" >\n\t\t\t\tMartyna &#038; \u0141ukasz\t\t\t<\/a>\n\t\t<\/h3>\n\t\t\t\t<div class=\"elementor-post__meta-data\">\n\t\t\t\t\t<span class=\"elementor-post-date\">\n\t\t\t23\/08\/2014\t\t<\/span>\n\t\t\t\t<\/div>\n\t\t\t\t<div class=\"elementor-post__excerpt\">\n\t\t\t<p>We had a clear vision of our wedding from the very beginning. So we were not happy with the necessity to adapt to the clerical requirements. A humanist wedding was the only right solution and when we found the offer of Joanna Humerczyk - we knew that this was it. We got married in 2014, in Toru\u0144, at the Artus Court, in a steampunk style. Joanna supported us through the process of organising everything and turned our crazy ideas into reality. We could also fully trust that everything would run smoothly, and that possible mishaps and setbacks would be quickly dealt with thanks to her experience. The best part is that we didn't have to make any compromises, and at the same time Joanna's professionalism took away most of the stress and uncertainty from our heads. So far, the entire ceremony is one of the best memories in our lives and among family and friends it grew to be a legendary event.<\/p>\n\t\t<\/div>\n\t\t\t\t<\/div>\n\t\t\t\t<\/article>\n\t\t\t\t<\/div>\n\t\t\n\t\t\t\t\t\t<\/div>\n\t\t\t\t<\/div>\n\t\t\t\t\t<\/div>\n\t\t<\/div>\n\t\t\t\t\t<\/div>\n\t\t<\/section>\n\t\t\t\t<\/div>","protected":false},"excerpt":{"rendered":"<p>Opinie Dowiedz si\u0119, co s\u0105dz\u0105 o nas m\u0142ode pary, kt\u00f3ry zdecydowa\u0142y si\u0119 na \u015blub humanistyczny Monika &amp; Leo 8\/08\/2020 Nasz \u015blub humanistyczny poprowadzony przez Dominik\u0119 na G\u00f3rze Gradowej w Gda\u0144sku by\u0142 przepi\u0119kny. Go\u015bcie p\u0142akali ze wzruszenia, my te\u017c. To by\u0142a naprawd\u0119 przepi\u0119kna i wyj\u0105tkowa ceremonia. A \u017ce love is female, to, \u017ce mog\u0142a go poprowadzi\u0107 [&hellip;]<\/p>","protected":false},"author":3,"featured_media":3704,"parent":0,"menu_order":0,"comment_status":"closed","ping_status":"closed","template":"","meta":{"footnotes":"","_links_to":"","_links_to_target":""},"class_list":["post-51","page","type-page","status-publish","has-post-thumbnail","hentry"],"_links":{"self":[{"href":"https:\/\/slub-humanistyczny.pl\/en\/wp-json\/wp\/v2\/pages\/51","targetHints":{"allow":["GET"]}}],"collection":[{"href":"https:\/\/slub-humanistyczny.pl\/en\/wp-json\/wp\/v2\/pages"}],"about":[{"href":"https:\/\/slub-humanistyczny.pl\/en\/wp-json\/wp\/v2\/types\/page"}],"author":[{"embeddable":true,"href":"https:\/\/slub-humanistyczny.pl\/en\/wp-json\/wp\/v2\/users\/3"}],"replies":[{"embeddable":true,"href":"https:\/\/slub-humanistyczny.pl\/en\/wp-json\/wp\/v2\/comments?post=51"}],"version-history":[{"count":3,"href":"https:\/\/slub-humanistyczny.pl\/en\/wp-json\/wp\/v2\/pages\/51\/revisions"}],"predecessor-version":[{"id":7078,"href":"https:\/\/slub-humanistyczny.pl\/en\/wp-json\/wp\/v2\/pages\/51\/revisions\/7078"}],"wp:featuredmedia":[{"embeddable":true,"href":"https:\/\/slub-humanistyczny.pl\/en\/wp-json\/wp\/v2\/media\/3704"}],"wp:attachment":[{"href":"https:\/\/slub-humanistyczny.pl\/en\/wp-json\/wp\/v2\/media?parent=51"}],"curies":[{"name":"wp","href":"https:\/\/api.w.org\/{rel}","templated":true}]}}